{"id":1039,"date":"2021-09-09T13:14:23","date_gmt":"2021-09-09T13:14:23","guid":{"rendered":"https:\/\/blackanchortavira.com\/?page_id=1039"},"modified":"2021-09-09T13:16:39","modified_gmt":"2021-09-09T13:16:39","slug":"disclaimer","status":"publish","type":"page","link":"https:\/\/blackanchortavira.com\/pt\/disclaimer\/","title":{"rendered":"Declara\u00e7\u00e3o de exonera\u00e7\u00e3o de responsabilidade"},"content":{"rendered":"<div data-elementor-type=\"wp-page\" data-elementor-id=\"1039\" class=\"elementor elementor-1039\">\n\t\t\t\t\t\t<section class=\"elementor-section elementor-top-section elementor-element elementor-element-6d9b102 elementor-section-full_width elementor-section-height-default elementor-section-height-default\" data-id=\"6d9b102\" data-element_type=\"section\" data-e-type=\"section\">\n\t\t\t\t\t\t<div class=\"elementor-container elementor-column-gap-default\">\n\t\t\t\t\t<div class=\"elementor-column elementor-col-100 elementor-top-column elementor-element elementor-element-3978ee1\" data-id=\"3978ee1\" data-element_type=\"column\" data-e-type=\"column\">\n\t\t\t<div class=\"elementor-widget-wrap elementor-element-populated\">\n\t\t\t\t\t\t<div class=\"elementor-element elementor-element-eb97517 elementor-widget elementor-widget-heading\" data-id=\"eb97517\" data-element_type=\"widget\" data-e-type=\"widget\" data-widget_type=\"heading.default\">\n\t\t\t\t<div class=\"elementor-widget-container\">\n\t\t\t\t\t<h2 class=\"elementor-heading-title elementor-size-default\">Declara\u00e7\u00e3o de exonera\u00e7\u00e3o de responsabilidade<\/h2>\t\t\t\t<\/div>\n\t\t\t\t<\/div>\n\t\t\t\t<div class=\"elementor-element elementor-element-1f435fe elementor-widget elementor-widget-text-editor\" data-id=\"1f435fe\" data-element_type=\"widget\" data-e-type=\"widget\" data-widget_type=\"text-editor.default\">\n\t\t\t\t<div class=\"elementor-widget-container\">\n\t\t\t\t\t\t\t\t\t<h1><span style=\"background-color: var( --e-global-color-primary ); color: inherit; font-family: inherit; font-size: 2.5rem;\">Interpretation and Definitions<\/span><\/h1><h2>Interpretation<\/h2><p>The words of which the initial letter is capitalized have meanings defined under the following conditions.<br \/>The following definitions shall have the same meaning regardless of whether they appear in singular or in plural.<\/p><h2>Definitions<\/h2><p>For the purposes of this Disclaimer:<\/p><ul><li><strong>Company<\/strong> (referred to as either &#8220;the Company&#8221;, &#8220;We&#8221;, &#8220;Us&#8221; or &#8220;Our&#8221; in this Disclaimer) refers to The Black Anchor Irish Bar &amp; Grill.<\/li><li><strong>Service<\/strong> refers to the Website.<\/li><li><strong>You<\/strong> means the individual accessing the Service, or the company, or other legal entity on behalf of which such individual is accessing or using the Service, as applicable.<\/li><li><strong>Website<\/strong> refers to The Black Anchor Irish Bar &amp; Grill, accessible from <a href=\"https:\/\/blackanchortavira.com\/pt\/\" target=\"_blank\" rel=\"external nofollow noopener\">https:\/\/www.blackanchortavira.com<\/a><\/li><\/ul><h1>Declara\u00e7\u00e3o de exonera\u00e7\u00e3o de responsabilidade<\/h1><p>The information contained on the Service is for general information purposes only.<\/p><p>The Company assumes no responsibility for errors or omissions in the contents of the Service.<\/p><p>In no event shall the Company be liable for any special, direct, indirect, consequential, or incidental damages or any damages whatsoever, whether in an action of contract, negligence or other tort, arising out of or in connection with the use of the Service or the contents of the Service. The Company reserves the right to make additions, deletions, or modifications to the contents on the Service at any time without prior notice. This Disclaimer has been created with the help of the <a href=\"https:\/\/www.termsfeed.com\/disclaimer-generator\/\" target=\"_blank\" rel=\"noopener\">Disclaimer Generator<\/a>.<\/p><p>The Company does not warrant that the Service is free of viruses or other harmful components.<\/p><h1>External Links Disclaimer<\/h1><p>The Service may contain links to external websites that are not provided or maintained by or in any way affiliated with the Company.<\/p><p>Please note that the Company does not guarantee the accuracy, relevance, timeliness, or completeness of any information on these external websites.<\/p><h1>Errors and Omissions Disclaimer<\/h1><p>The information given by the Service is for general guidance on matters of interest only. Even if the Company takes every precaution to insure that the content of the Service is both current and accurate, errors can occur. Plus, given the changing nature of laws, rules and regulations, there may be delays, omissions or inaccuracies in the information contained on the Service.<\/p><p>The Company is not responsible for any errors or omissions, or for the results obtained from the use of this information.<\/p><h1>Fair Use Disclaimer<\/h1><p>The Company may use copyrighted material which has not always been specifically authorized by the copyright owner. The Company is making such material available for criticism, comment, news reporting, teaching, scholarship, or research.<\/p><p>The Company believes this constitutes a &#8220;fair use&#8221; of any such copyrighted material as provided for in section 107 of the United States Copyright law.<\/p><p>If You wish to use copyrighted material from the Service for your own purposes that go beyond fair use, You must obtain permission from the copyright owner.<\/p><h1>Views Expressed Disclaimer<\/h1><p>The Service may contain views and opinions which are those of the authors and do not necessarily reflect the official policy or position of any other author, agency, organization, employer or company, including the Company.<\/p><p>Comments published by users are their sole responsibility and the users will take full responsibility, liability and blame for any libel or litigation that results from something written in or as a direct result of something written in a comment. The Company is not liable for any comment published by users and reserve the right to delete any comment for any reason whatsoever.<\/p><h1>No Responsibility Disclaimer<\/h1><p>The information on the Service is provided with the understanding that the Company is not herein engaged in rendering legal, accounting, tax, or other professional advice and services. As such, it should not be used as a substitute for consultation with professional accounting, tax, legal or other competent advisers.<\/p><p>In no event shall the Company or its suppliers be liable for any special, incidental, indirect, or consequential damages whatsoever arising out of or in connection with your access or use or inability to access or use the Service.<\/p><h1>&#8220;Use at Your Own Risk&#8221; Disclaimer<\/h1><p>All information in the Service is provided &#8220;as is&#8221;, with no guarantee of completeness, accuracy, timeliness or of the results obtained from the use of this information, and without warranty of any kind, express or implied, including, but not limited to warranties of performance, merchantability and fitness for a particular purpose.<\/p><p>The Company will not be liable to You or anyone else for any decision made or action taken in reliance on the information given by the Service or for any consequential, special or similar damages, even if advised of the possibility of such damages.<\/p><h1>Contact Us<\/h1><p>If you have any questions about this Disclaimer, You can contact Us:<\/p><ul><li>By email: info@blackanchortavira.com<\/li><\/ul>\t\t\t\t\t\t\t\t<\/div>\n\t\t\t\t<\/div>\n\t\t\t\t\t<\/div>\n\t\t<\/div>\n\t\t\t\t\t<\/div>\n\t\t<\/section>\n\t\t\t\t<\/div>","protected":false},"excerpt":{"rendered":"<p>Disclaimer Interpretation and Definitions Interpretation The words of which the initial letter is capitalized have meanings defined under the following conditions.The following definitions shall have the same meaning regardless of whether they appear in singular or in plural. Definitions For the purposes of this Disclaimer: Company (referred to as either &#8220;the Company&#8221;, &#8220;We&#8221;, &#8220;Us&#8221; or [&hellip;]<\/p>\n","protected":false},"author":1,"featured_media":0,"parent":0,"menu_order":0,"comment_status":"closed","ping_status":"closed","template":"elementor_canvas","meta":{"nf_dc_page":"","om_disable_all_campaigns":false,"_monsterinsights_skip_tracking":false,"_monsterinsights_sitenote_active":false,"_monsterinsights_sitenote_note":"","_monsterinsights_sitenote_category":0,"footnotes":""},"class_list":["post-1039","page","type-page","status-publish","hentry"],"yoast_head":"<!-- This site is optimized with the Yoast SEO plugin v27.4 - https:\/\/yoast.com\/product\/yoast-seo-wordpress\/ -->\n<title>Disclaimer - The Black Anchor Tavira<\/title>\n<meta name=\"robots\" content=\"index, follow, max-snippet:-1, max-image-preview:large, max-video-preview:-1\" \/>\n<link rel=\"canonical\" href=\"https:\/\/blackanchortavira.com\/pt\/disclaimer\/\" \/>\n<meta property=\"og:locale\" content=\"pt_PT\" \/>\n<meta property=\"og:type\" content=\"article\" \/>\n<meta property=\"og:title\" content=\"Disclaimer - The Black Anchor Tavira\" \/>\n<meta property=\"og:description\" content=\"Disclaimer Interpretation and Definitions Interpretation The words of which the initial letter is capitalized have meanings defined under the following conditions.The following definitions shall have the same meaning regardless of whether they appear in singular or in plural. Definitions For the purposes of this Disclaimer: Company (referred to as either &#8220;the Company&#8221;, &#8220;We&#8221;, &#8220;Us&#8221; or [&hellip;]\" \/>\n<meta property=\"og:url\" content=\"https:\/\/blackanchortavira.com\/pt\/disclaimer\/\" \/>\n<meta property=\"og:site_name\" content=\"The Black Anchor Tavira\" \/>\n<meta property=\"article:modified_time\" content=\"2021-09-09T13:16:39+00:00\" \/>\n<meta name=\"twitter:card\" content=\"summary_large_image\" \/>\n<meta name=\"twitter:label1\" content=\"Tempo estimado de leitura\" \/>\n\t<meta name=\"twitter:data1\" content=\"4 minutos\" \/>\n<script type=\"application\/ld+json\" class=\"yoast-schema-graph\">{\"@context\":\"https:\\\/\\\/schema.org\",\"@graph\":[{\"@type\":\"WebPage\",\"@id\":\"https:\\\/\\\/blackanchortavira.com\\\/disclaimer\\\/\",\"url\":\"https:\\\/\\\/blackanchortavira.com\\\/disclaimer\\\/\",\"name\":\"Disclaimer - The Black Anchor Tavira\",\"isPartOf\":{\"@id\":\"https:\\\/\\\/blackanchortavira.com\\\/#website\"},\"datePublished\":\"2021-09-09T13:14:23+00:00\",\"dateModified\":\"2021-09-09T13:16:39+00:00\",\"breadcrumb\":{\"@id\":\"https:\\\/\\\/blackanchortavira.com\\\/disclaimer\\\/#breadcrumb\"},\"inLanguage\":\"pt-PT\",\"potentialAction\":[{\"@type\":\"ReadAction\",\"target\":[\"https:\\\/\\\/blackanchortavira.com\\\/disclaimer\\\/\"]}]},{\"@type\":\"BreadcrumbList\",\"@id\":\"https:\\\/\\\/blackanchortavira.com\\\/disclaimer\\\/#breadcrumb\",\"itemListElement\":[{\"@type\":\"ListItem\",\"position\":1,\"name\":\"Home\",\"item\":\"https:\\\/\\\/blackanchortavira.com\\\/\"},{\"@type\":\"ListItem\",\"position\":2,\"name\":\"Disclaimer\"}]},{\"@type\":\"WebSite\",\"@id\":\"https:\\\/\\\/blackanchortavira.com\\\/#website\",\"url\":\"https:\\\/\\\/blackanchortavira.com\\\/\",\"name\":\"The Black Anchor Tavira\",\"description\":\"\",\"potentialAction\":[{\"@type\":\"SearchAction\",\"target\":{\"@type\":\"EntryPoint\",\"urlTemplate\":\"https:\\\/\\\/blackanchortavira.com\\\/?s={search_term_string}\"},\"query-input\":{\"@type\":\"PropertyValueSpecification\",\"valueRequired\":true,\"valueName\":\"search_term_string\"}}],\"inLanguage\":\"pt-PT\"}]}<\/script>\n<!-- \/ Yoast SEO plugin. -->","yoast_head_json":{"title":"Disclaimer - The Black Anchor Tavira","robots":{"index":"index","follow":"follow","max-snippet":"max-snippet:-1","max-image-preview":"max-image-preview:large","max-video-preview":"max-video-preview:-1"},"canonical":"https:\/\/blackanchortavira.com\/pt\/disclaimer\/","og_locale":"pt_PT","og_type":"article","og_title":"Disclaimer - The Black Anchor Tavira","og_description":"Disclaimer Interpretation and Definitions Interpretation The words of which the initial letter is capitalized have meanings defined under the following conditions.The following definitions shall have the same meaning regardless of whether they appear in singular or in plural. Definitions For the purposes of this Disclaimer: Company (referred to as either &#8220;the Company&#8221;, &#8220;We&#8221;, &#8220;Us&#8221; or [&hellip;]","og_url":"https:\/\/blackanchortavira.com\/pt\/disclaimer\/","og_site_name":"The Black Anchor Tavira","article_modified_time":"2021-09-09T13:16:39+00:00","twitter_card":"summary_large_image","twitter_misc":{"Tempo estimado de leitura":"4 minutos"},"schema":{"@context":"https:\/\/schema.org","@graph":[{"@type":"WebPage","@id":"https:\/\/blackanchortavira.com\/disclaimer\/","url":"https:\/\/blackanchortavira.com\/disclaimer\/","name":"Disclaimer - The Black Anchor Tavira","isPartOf":{"@id":"https:\/\/blackanchortavira.com\/#website"},"datePublished":"2021-09-09T13:14:23+00:00","dateModified":"2021-09-09T13:16:39+00:00","breadcrumb":{"@id":"https:\/\/blackanchortavira.com\/disclaimer\/#breadcrumb"},"inLanguage":"pt-PT","potentialAction":[{"@type":"ReadAction","target":["https:\/\/blackanchortavira.com\/disclaimer\/"]}]},{"@type":"BreadcrumbList","@id":"https:\/\/blackanchortavira.com\/disclaimer\/#breadcrumb","itemListElement":[{"@type":"ListItem","position":1,"name":"Home","item":"https:\/\/blackanchortavira.com\/"},{"@type":"ListItem","position":2,"name":"Disclaimer"}]},{"@type":"WebSite","@id":"https:\/\/blackanchortavira.com\/#website","url":"https:\/\/blackanchortavira.com\/","name":"The Black Anchor Tavira","description":"","potentialAction":[{"@type":"SearchAction","target":{"@type":"EntryPoint","urlTemplate":"https:\/\/blackanchortavira.com\/?s={search_term_string}"},"query-input":{"@type":"PropertyValueSpecification","valueRequired":true,"valueName":"search_term_string"}}],"inLanguage":"pt-PT"}]}},"jetpack_sharing_enabled":true,"_links":{"self":[{"href":"https:\/\/blackanchortavira.com\/pt\/wp-json\/wp\/v2\/pages\/1039","targetHints":{"allow":["GET"]}}],"collection":[{"href":"https:\/\/blackanchortavira.com\/pt\/wp-json\/wp\/v2\/pages"}],"about":[{"href":"https:\/\/blackanchortavira.com\/pt\/wp-json\/wp\/v2\/types\/page"}],"author":[{"embeddable":true,"href":"https:\/\/blackanchortavira.com\/pt\/wp-json\/wp\/v2\/users\/1"}],"replies":[{"embeddable":true,"href":"https:\/\/blackanchortavira.com\/pt\/wp-json\/wp\/v2\/comments?post=1039"}],"version-history":[{"count":4,"href":"https:\/\/blackanchortavira.com\/pt\/wp-json\/wp\/v2\/pages\/1039\/revisions"}],"predecessor-version":[{"id":1043,"href":"https:\/\/blackanchortavira.com\/pt\/wp-json\/wp\/v2\/pages\/1039\/revisions\/1043"}],"wp:attachment":[{"href":"https:\/\/blackanchortavira.com\/pt\/wp-json\/wp\/v2\/media?parent=1039"}],"curies":[{"name":"wp","href":"https:\/\/api.w.org\/{rel}","templated":true}]}}